{"id":18,"date":"2023-07-28T15:10:34","date_gmt":"2023-07-28T15:10:34","guid":{"rendered":"https:\/\/boremkt.com\/?post_type=product&#038;p=18"},"modified":"2025-09-21T01:28:26","modified_gmt":"2025-09-21T06:28:26","slug":"nietzsche-para-principiantes-explorando-los-conceptos-clave-para-entender-su-pensamiento","status":"publish","type":"product","link":"https:\/\/boremkt.com\/index.php\/producto\/nietzsche-para-principiantes-explorando-los-conceptos-clave-para-entender-su-pensamiento\/","title":{"rendered":"Nietzsche para principiantes: Explorando los conceptos clave, para entender su pensamiento"},"content":{"rendered":"\n<p><em>Nietzsche para principiantes: Explorando los conceptos clave, para entender su pensamiento<\/em><br><em>En este libro, abordamos los conceptos clave del pensamiento nietzscheano, desde la voluntad de poder y el eterno retorno hasta la muerte de Dios y el superhombre. Analizamos la cr\u00edtica de Nietzsche a la moral y la religi\u00f3n y su visi\u00f3n del mundo como un constante proceso de transformaci\u00f3n y creaci\u00f3n. Adem\u00e1s, exploramos c\u00f3mo la obra de Nietzsche ha influido en el pensamiento filos\u00f3fico, literario y art\u00edstico de la modernidad.<\/em><\/p>\n","protected":false},"excerpt":{"rendered":"<p>\u00a1Bienvenidos a\u00a0<strong>Nietzsche para principiantes: explorando los conceptos clave, para entender su pensamiento!\u00a0<\/strong>Si est\u00e1s interesado en conocer a uno de los fil\u00f3sofos m\u00e1s influyentes e intrigantes de la historia, este libro es para ti.<br \/>A trav\u00e9s de estas p\u00e1ginas, descubrir\u00e1s los conceptos clave del pensamiento de Nietzsche, su vida y obra, y c\u00f3mo sus ideas han influido en la filosof\u00eda, la literatura, el arte y la cultura en general. Aprender\u00e1s sobre el superhombre, el eterno retorno, la voluntad de poder y otros conceptos que han sido objeto de estudio y debate en la filosof\u00eda occidental.<\/p>\n","protected":false},"featured_media":19,"comment_status":"open","ping_status":"closed","template":"","meta":[],"product_cat":[16],"product_tag":[],"acf":[],"_links":{"self":[{"href":"https:\/\/boremkt.com\/index.php\/wp-json\/wp\/v2\/product\/18"}],"collection":[{"href":"https:\/\/boremkt.com\/index.php\/wp-json\/wp\/v2\/product"}],"about":[{"href":"https:\/\/boremkt.com\/index.php\/wp-json\/wp\/v2\/types\/product"}],"replies":[{"embeddable":true,"href":"https:\/\/boremkt.com\/index.php\/wp-json\/wp\/v2\/comments?post=18"}],"wp:featuredmedia":[{"embeddable":true,"href":"https:\/\/boremkt.com\/index.php\/wp-json\/wp\/v2\/media\/19"}],"wp:attachment":[{"href":"https:\/\/boremkt.com\/index.php\/wp-json\/wp\/v2\/media?parent=18"}],"wp:term":[{"taxonomy":"product_cat","embeddable":true,"href":"https:\/\/boremkt.com\/index.php\/wp-json\/wp\/v2\/product_cat?post=18"},{"taxonomy":"product_tag","embeddable":true,"href":"https:\/\/boremkt.com\/index.php\/wp-json\/wp\/v2\/product_tag?post=18"}],"curies":[{"name":"wp","href":"https:\/\/api.w.org\/{rel}","templated":true}]}}